{"id":2629,"date":"2026-01-20T21:42:39","date_gmt":"2026-01-20T21:42:39","guid":{"rendered":"https:\/\/ensobauberlin.de\/?page_id=2629"},"modified":"2026-01-20T21:42:40","modified_gmt":"2026-01-20T21:42:40","slug":"impressum","status":"publish","type":"page","link":"https:\/\/ensobauberlin.de\/en\/impressum\/","title":{"rendered":"Impressum"},"content":{"rendered":"<p><strong>Angaben gem\u00e4\u00df \u00a7 5 TMG<\/strong><\/p>\n\n\n\n<p><strong>Enso Bau GmbH<\/strong><\/p>\n\n\n\n<p>Sonnenallee 186<\/p>\n\n\n\n<p>12059 Berlin<\/p>\n\n\n\n<p>Deutschland<\/p>\n\n\n\n<p><strong>Vertreten durch:<\/strong><\/p>\n\n\n\n<p>Tahir Elbi<\/p>\n\n\n\n<p><strong>Kontakt:<\/strong><\/p>\n\n\n\n<p>Telefon: 030 98374366<\/p>\n\n\n\n<p>Mobil: 0176 23408256<\/p>\n\n\n\n<p>E-Mail: Enso-bau@gmx.de<\/p>\n\n\n\n<p><strong>Handelsregister:<\/strong><\/p>\n\n\n\n<p>Eingetragen im Handelsregister<\/p>\n\n\n\n<p>Registergericht: Amtsgericht Berlin<\/p>\n\n\n\n<p>Handelsregisternummer: HRB 202726<\/p>\n\n\n\n<p><strong>Steuernummer:<\/strong><\/p>\n\n\n\n<p>29\/277\/32645<\/p>\n\n\n\n<p><strong>Handwerkskammer:<\/strong><\/p>\n\n\n\n<p>Handwerkskammer Berlin<\/p>\n\n\n\n<hr class=\"wp-block-separator has-alpha-channel-opacity\"\/>\n\n\n\n<h3 class=\"wp-block-heading\"><strong>Haftung f\u00fcr Inhalte<\/strong><\/h3>\n\n\n\n<p>Als Diensteanbieter sind wir gem\u00e4\u00df \u00a7 7 Abs.1 TMG f\u00fcr eigene Inhalte auf diesen Seiten nach den allgemeinen Gesetzen verantwortlich. Nach \u00a7\u00a7 8 bis 10 TMG sind wir als Diensteanbieter jedoch nicht verpflichtet, \u00fcbermittelte oder gespeicherte fremde Informationen zu \u00fcberwachen.<\/p>\n\n\n\n<hr class=\"wp-block-separator has-alpha-channel-opacity\"\/>\n\n\n\n<h3 class=\"wp-block-heading\"><strong>Haftung f\u00fcr Links<\/strong><\/h3>\n\n\n\n<p>Unser Angebot enth\u00e4lt Links zu externen Websites Dritter, auf deren Inhalte wir keinen Einfluss haben. Deshalb k\u00f6nnen wir f\u00fcr diese fremden Inhalte auch keine Gew\u00e4hr \u00fcbernehmen.<\/p>\n\n\n\n<hr class=\"wp-block-separator has-alpha-channel-opacity\"\/>\n\n\n\n<h3 class=\"wp-block-heading\"><strong>Urheberrecht<\/strong><\/h3>\n\n\n\n<p>Die durch die Seitenbetreiber erstellten Inhalte und Werke auf diesen Seiten unterliegen dem deutschen Urheberrecht.<\/p>\n\n\n\n<hr class=\"wp-block-separator has-alpha-channel-opacity\"\/>\n\n\n\n<h3 class=\"wp-block-heading\"><strong>Online-Streitbeilegung<\/strong><\/h3>\n\n\n\n<p>Die Europ\u00e4ische Kommission stellt eine Plattform zur Online-Streitbeilegung (OS) bereit:<\/p>\n\n\n\n<figure class=\"wp-block-embed\">https:\/\/ec.europa.eu\/consumers\/odr<\/figure>\n\n\n\n<p>Unsere E-Mail-Adresse finden Sie oben im Impressum.<\/p>","protected":false},"excerpt":{"rendered":"<p>Angaben gem\u00e4\u00df \u00a7 5 TMG Enso Bau GmbH Sonnenallee 186 12059 Berlin Deutschland Vertreten durch: Tahir Elbi Kontakt: Telefon: 030 98374366 Mobil: 0176 23408256 E-Mail: Enso-bau@gmx.de Handelsregister: Eingetragen im Handelsregister Registergericht: Amtsgericht Berlin Handelsregisternummer: HRB 202726 Steuernummer: 29\/277\/32645 Handwerkskammer: Handwerkskammer Berlin Haftung f\u00fcr Inhalte Als Diensteanbieter sind wir gem\u00e4\u00df \u00a7 7 Abs.1 TMG f\u00fcr eigene [&hellip;]<\/p>","protected":false},"author":1,"featured_media":0,"parent":0,"menu_order":0,"comment_status":"closed","ping_status":"closed","template":"","meta":{"_uag_custom_page_level_css":"","site-sidebar-layout":"default","site-content-layout":"","ast-site-content-layout":"default","site-content-style":"default","site-sidebar-style":"default","ast-global-header-display":"","ast-banner-title-visibility":"","ast-main-header-display":"","ast-hfb-above-header-display":"","ast-hfb-below-header-display":"","ast-hfb-mobile-header-display":"","site-post-title":"","ast-breadcrumbs-content":"","ast-featured-img":"","footer-sml-layout":"","theme-transparent-header-meta":"","adv-header-id-meta":"","stick-header-meta":"","header-above-stick-meta":"","header-main-stick-meta":"","header-below-stick-meta":"","astra-migrate-meta-layouts":"set","ast-page-background-enabled":"default","ast-page-background-meta":{"desktop":{"background-color":"var(--ast-global-color-4)","background-image":"","background-repeat":"repeat","background-position":"center center","background-size":"auto","background-attachment":"scroll","background-type":"","background-media":"","overlay-type":"","overlay-color":"","overlay-opacity":"","overlay-gradient":""},"tablet":{"background-color":"","background-image":"","background-repeat":"repeat","background-position":"center center","background-size":"auto","background-attachment":"scroll","background-type":"","background-media":"","overlay-type":"","overlay-color":"","overlay-opacity":"","overlay-gradient":""},"mobile":{"background-color":"","background-image":"","background-repeat":"repeat","background-position":"center center","background-size":"auto","background-attachment":"scroll","background-type":"","background-media":"","overlay-type":"","overlay-color":"","overlay-opacity":"","overlay-gradient":""}},"ast-content-background-meta":{"desktop":{"background-color":"var(--ast-global-color-5)","background-image":"","background-repeat":"repeat","background-position":"center center","background-size":"auto","background-attachment":"scroll","background-type":"","background-media":"","overlay-type":"","overlay-color":"","overlay-opacity":"","overlay-gradient":""},"tablet":{"background-color":"var(--ast-global-color-5)","background-image":"","background-repeat":"repeat","background-position":"center center","background-size":"auto","background-attachment":"scroll","background-type":"","background-media":"","overlay-type":"","overlay-color":"","overlay-opacity":"","overlay-gradient":""},"mobile":{"background-color":"var(--ast-global-color-5)","background-image":"","background-repeat":"repeat","background-position":"center center","background-size":"auto","background-attachment":"scroll","background-type":"","background-media":"","overlay-type":"","overlay-color":"","overlay-opacity":"","overlay-gradient":""}},"footnotes":""},"class_list":["post-2629","page","type-page","status-publish","hentry"],"yoast_head":"<!-- This site is optimized with the Yoast SEO plugin v23.4 - https:\/\/yoast.com\/wordpress\/plugins\/seo\/ -->\n<title>Impressum - Bau Berlin<\/title>\n<meta name=\"robots\" content=\"index, follow, max-snippet:-1, max-image-preview:large, max-video-preview:-1\" \/>\n<link rel=\"canonical\" href=\"https:\/\/ensobauberlin.de\/en\/impressum\/\" \/>\n<meta property=\"og:locale\" content=\"en_GB\" \/>\n<meta property=\"og:type\" content=\"article\" \/>\n<meta property=\"og:title\" content=\"Impressum - Bau Berlin\" \/>\n<meta property=\"og:description\" content=\"Angaben gem\u00e4\u00df \u00a7 5 TMG Enso Bau GmbH Sonnenallee 186 12059 Berlin Deutschland Vertreten durch: Tahir Elbi Kontakt: Telefon: 030 98374366 Mobil: 0176 23408256 E-Mail: Enso-bau@gmx.de Handelsregister: Eingetragen im Handelsregister Registergericht: Amtsgericht Berlin Handelsregisternummer: HRB 202726 Steuernummer: 29\/277\/32645 Handwerkskammer: Handwerkskammer Berlin Haftung f\u00fcr Inhalte Als Diensteanbieter sind wir gem\u00e4\u00df \u00a7 7 Abs.1 TMG f\u00fcr eigene [&hellip;]\" \/>\n<meta property=\"og:url\" content=\"https:\/\/ensobauberlin.de\/en\/impressum\/\" \/>\n<meta property=\"og:site_name\" content=\"Bau Berlin\" \/>\n<meta property=\"article:modified_time\" content=\"2026-01-20T21:42:40+00:00\" \/>\n<meta name=\"twitter:card\" content=\"summary_large_image\" \/>\n<meta name=\"twitter:label1\" content=\"Estimated reading time\" \/>\n\t<meta name=\"twitter:data1\" content=\"1 minute\" \/>\n<script type=\"application\/ld+json\" class=\"yoast-schema-graph\">{\"@context\":\"https:\/\/schema.org\",\"@graph\":[{\"@type\":\"WebPage\",\"@id\":\"https:\/\/ensobauberlin.de\/impressum\/\",\"url\":\"https:\/\/ensobauberlin.de\/impressum\/\",\"name\":\"Impressum - Bau Berlin\",\"isPartOf\":{\"@id\":\"https:\/\/ensobauberlin.de\/#website\"},\"datePublished\":\"2026-01-20T21:42:39+00:00\",\"dateModified\":\"2026-01-20T21:42:40+00:00\",\"breadcrumb\":{\"@id\":\"https:\/\/ensobauberlin.de\/impressum\/#breadcrumb\"},\"inLanguage\":\"en-GB\",\"potentialAction\":[{\"@type\":\"ReadAction\",\"target\":[\"https:\/\/ensobauberlin.de\/impressum\/\"]}]},{\"@type\":\"BreadcrumbList\",\"@id\":\"https:\/\/ensobauberlin.de\/impressum\/#breadcrumb\",\"itemListElement\":[{\"@type\":\"ListItem\",\"position\":1,\"name\":\"Anasayfa\",\"item\":\"https:\/\/ensobauberlin.de\/\"},{\"@type\":\"ListItem\",\"position\":2,\"name\":\"Impressum\"}]},{\"@type\":\"WebSite\",\"@id\":\"https:\/\/ensobauberlin.de\/#website\",\"url\":\"https:\/\/ensobauberlin.de\/\",\"name\":\"ensobauberlin.de\",\"description\":\"Esnobau Berlin\",\"publisher\":{\"@id\":\"https:\/\/ensobauberlin.de\/#organization\"},\"potentialAction\":[{\"@type\":\"SearchAction\",\"target\":{\"@type\":\"EntryPoint\",\"urlTemplate\":\"https:\/\/ensobauberlin.de\/?s={search_term_string}\"},\"query-input\":{\"@type\":\"PropertyValueSpecification\",\"valueRequired\":true,\"valueName\":\"search_term_string\"}}],\"inLanguage\":\"en-GB\"},{\"@type\":\"Organization\",\"@id\":\"https:\/\/ensobauberlin.de\/#organization\",\"name\":\"Enso - Bau GmbH\",\"url\":\"https:\/\/ensobauberlin.de\/\",\"logo\":{\"@type\":\"ImageObject\",\"inLanguage\":\"en-GB\",\"@id\":\"https:\/\/ensobauberlin.de\/#\/schema\/logo\/image\/\",\"url\":\"https:\/\/ensobauberlin.de\/wp-content\/uploads\/2024\/02\/Enso-Bau-Logo.png\",\"contentUrl\":\"https:\/\/ensobauberlin.de\/wp-content\/uploads\/2024\/02\/Enso-Bau-Logo.png\",\"width\":4095,\"height\":1399,\"caption\":\"Enso - Bau GmbH\"},\"image\":{\"@id\":\"https:\/\/ensobauberlin.de\/#\/schema\/logo\/image\/\"}}]}<\/script>\n<!-- \/ Yoast SEO plugin. -->","yoast_head_json":{"title":"Impressum - Bau Berlin","robots":{"index":"index","follow":"follow","max-snippet":"max-snippet:-1","max-image-preview":"max-image-preview:large","max-video-preview":"max-video-preview:-1"},"canonical":"https:\/\/ensobauberlin.de\/en\/impressum\/","og_locale":"en_GB","og_type":"article","og_title":"Impressum - Bau Berlin","og_description":"Angaben gem\u00e4\u00df \u00a7 5 TMG Enso Bau GmbH Sonnenallee 186 12059 Berlin Deutschland Vertreten durch: Tahir Elbi Kontakt: Telefon: 030 98374366 Mobil: 0176 23408256 E-Mail: Enso-bau@gmx.de Handelsregister: Eingetragen im Handelsregister Registergericht: Amtsgericht Berlin Handelsregisternummer: HRB 202726 Steuernummer: 29\/277\/32645 Handwerkskammer: Handwerkskammer Berlin Haftung f\u00fcr Inhalte Als Diensteanbieter sind wir gem\u00e4\u00df \u00a7 7 Abs.1 TMG f\u00fcr eigene [&hellip;]","og_url":"https:\/\/ensobauberlin.de\/en\/impressum\/","og_site_name":"Bau Berlin","article_modified_time":"2026-01-20T21:42:40+00:00","twitter_card":"summary_large_image","twitter_misc":{"Estimated reading time":"1 minute"},"schema":{"@context":"https:\/\/schema.org","@graph":[{"@type":"WebPage","@id":"https:\/\/ensobauberlin.de\/impressum\/","url":"https:\/\/ensobauberlin.de\/impressum\/","name":"Impressum - Bau Berlin","isPartOf":{"@id":"https:\/\/ensobauberlin.de\/#website"},"datePublished":"2026-01-20T21:42:39+00:00","dateModified":"2026-01-20T21:42:40+00:00","breadcrumb":{"@id":"https:\/\/ensobauberlin.de\/impressum\/#breadcrumb"},"inLanguage":"en-GB","potentialAction":[{"@type":"ReadAction","target":["https:\/\/ensobauberlin.de\/impressum\/"]}]},{"@type":"BreadcrumbList","@id":"https:\/\/ensobauberlin.de\/impressum\/#breadcrumb","itemListElement":[{"@type":"ListItem","position":1,"name":"Anasayfa","item":"https:\/\/ensobauberlin.de\/"},{"@type":"ListItem","position":2,"name":"Impressum"}]},{"@type":"WebSite","@id":"https:\/\/ensobauberlin.de\/#website","url":"https:\/\/ensobauberlin.de\/","name":"ensobauberlin.de","description":"Esnobau Berlin","publisher":{"@id":"https:\/\/ensobauberlin.de\/#organization"},"potentialAction":[{"@type":"SearchAction","target":{"@type":"EntryPoint","urlTemplate":"https:\/\/ensobauberlin.de\/?s={search_term_string}"},"query-input":{"@type":"PropertyValueSpecification","valueRequired":true,"valueName":"search_term_string"}}],"inLanguage":"en-GB"},{"@type":"Organization","@id":"https:\/\/ensobauberlin.de\/#organization","name":"Enso - Bau GmbH","url":"https:\/\/ensobauberlin.de\/","logo":{"@type":"ImageObject","inLanguage":"en-GB","@id":"https:\/\/ensobauberlin.de\/#\/schema\/logo\/image\/","url":"https:\/\/ensobauberlin.de\/wp-content\/uploads\/2024\/02\/Enso-Bau-Logo.png","contentUrl":"https:\/\/ensobauberlin.de\/wp-content\/uploads\/2024\/02\/Enso-Bau-Logo.png","width":4095,"height":1399,"caption":"Enso - Bau GmbH"},"image":{"@id":"https:\/\/ensobauberlin.de\/#\/schema\/logo\/image\/"}}]}},"uagb_featured_image_src":{"full":false,"thumbnail":false,"medium":false,"medium_large":false,"large":false,"1536x1536":false,"2048x2048":false,"trp-custom-language-flag":false},"uagb_author_info":{"display_name":"mr-emin","author_link":"https:\/\/ensobauberlin.de\/en\/author\/mr-emin\/"},"uagb_comment_info":0,"uagb_excerpt":"Angaben gem\u00e4\u00df \u00a7 5 TMG Enso Bau GmbH Sonnenallee 186 12059 Berlin Deutschland Vertreten durch: Tahir Elbi Kontakt: Telefon: 030 98374366 Mobil: 0176 23408256 E-Mail: Enso-bau@gmx.de Handelsregister: Eingetragen im Handelsregister Registergericht: Amtsgericht Berlin Handelsregisternummer: HRB 202726 Steuernummer: 29\/277\/32645 Handwerkskammer: Handwerkskammer Berlin Haftung f\u00fcr Inhalte Als Diensteanbieter sind wir gem\u00e4\u00df \u00a7 7 Abs.1 TMG f\u00fcr eigene&hellip;","_links":{"self":[{"href":"https:\/\/ensobauberlin.de\/en\/wp-json\/wp\/v2\/pages\/2629","targetHints":{"allow":["GET"]}}],"collection":[{"href":"https:\/\/ensobauberlin.de\/en\/wp-json\/wp\/v2\/pages"}],"about":[{"href":"https:\/\/ensobauberlin.de\/en\/wp-json\/wp\/v2\/types\/page"}],"author":[{"embeddable":true,"href":"https:\/\/ensobauberlin.de\/en\/wp-json\/wp\/v2\/users\/1"}],"replies":[{"embeddable":true,"href":"https:\/\/ensobauberlin.de\/en\/wp-json\/wp\/v2\/comments?post=2629"}],"version-history":[{"count":1,"href":"https:\/\/ensobauberlin.de\/en\/wp-json\/wp\/v2\/pages\/2629\/revisions"}],"predecessor-version":[{"id":2630,"href":"https:\/\/ensobauberlin.de\/en\/wp-json\/wp\/v2\/pages\/2629\/revisions\/2630"}],"wp:attachment":[{"href":"https:\/\/ensobauberlin.de\/en\/wp-json\/wp\/v2\/media?parent=2629"}],"curies":[{"name":"wp","href":"https:\/\/api.w.org\/{rel}","templated":true}]}}