{"id":2631,"date":"2026-01-20T21:43:47","date_gmt":"2026-01-20T21:43:47","guid":{"rendered":"https:\/\/ensobauberlin.de\/?page_id=2631"},"modified":"2026-01-20T21:43:50","modified_gmt":"2026-01-20T21:43:50","slug":"datenschutzerklaerung","status":"publish","type":"page","link":"https:\/\/ensobauberlin.de\/en\/datenschutzerklaerung\/","title":{"rendered":"Datenschutzerkl\u00e4rung"},"content":{"rendered":"<p>Der Schutz Ihrer pers\u00f6nlichen Daten ist uns ein besonderes Anliegen.<\/p>\n\n\n\n<p>Wir behandeln Ihre personenbezogenen Daten vertraulich und entsprechend der gesetzlichen Datenschutzvorschriften sowie dieser Datenschutzerkl\u00e4rung.<\/p>\n\n\n\n<hr class=\"wp-block-separator has-alpha-channel-opacity\"\/>\n\n\n\n<h3 class=\"wp-block-heading\"><strong>1. Verantwortlicher<\/strong><\/h3>\n\n\n\n<p><strong>Enso Bau GmbH<\/strong><\/p>\n\n\n\n<p>Sonnenallee 186<\/p>\n\n\n\n<p>12059 Berlin<\/p>\n\n\n\n<p>Deutschland<\/p>\n\n\n\n<p>Vertreten durch: Tahir Elbi<\/p>\n\n\n\n<p>Telefon: 030 98374366<\/p>\n\n\n\n<p>Mobil: 0176 23408256<\/p>\n\n\n\n<p>E-Mail: Enso-bau@gmx.de<\/p>\n\n\n\n<hr class=\"wp-block-separator has-alpha-channel-opacity\"\/>\n\n\n\n<h3 class=\"wp-block-heading\"><strong>2. Erhebung und Speicherung personenbezogener Daten<\/strong><\/h3>\n\n\n\n<p>Beim Besuch unserer Website werden automatisch Informationen durch den Server erfasst (sogenannte Server-Logfiles).<\/p>\n\n\n\n<p>Dies sind insbesondere:<\/p>\n\n\n\n<ul class=\"wp-block-list\">\n<li>IP-Adresse (gek\u00fcrzt\/anonymisiert)<\/li>\n\n\n\n<li>Datum und Uhrzeit der Anfrage<\/li>\n\n\n\n<li>Browsertyp und -version<\/li>\n\n\n\n<li>Betriebssystem<\/li>\n\n\n\n<li>Referrer-URL<\/li>\n\n\n\n<li>Besuchte Seiten<\/li>\n<\/ul>\n\n\n\n<p>Diese Daten dienen ausschlie\u00dflich der technischen Sicherheit und Verbesserung der Website und lassen keine direkten R\u00fcckschl\u00fcsse auf Ihre Person zu.<\/p>\n\n\n\n<hr class=\"wp-block-separator has-alpha-channel-opacity\"\/>\n\n\n\n<h3 class=\"wp-block-heading\"><strong>3. Kontaktaufnahme per E-Mail oder Telefon<\/strong><\/h3>\n\n\n\n<p>Wenn Sie uns per E-Mail oder Telefon kontaktieren, werden Ihre Angaben inklusive der von Ihnen angegebenen Kontaktdaten gespeichert, um Ihre Anfrage zu bearbeiten.<\/p>\n\n\n\n<p><strong>Rechtsgrundlage:<\/strong><\/p>\n\n\n\n<p>Art. 6 Abs. 1 lit. b DSGVO (Vertrag oder vorvertragliche Ma\u00dfnahmen)<\/p>\n\n\n\n<hr class=\"wp-block-separator has-alpha-channel-opacity\"\/>\n\n\n\n<h3 class=\"wp-block-heading\"><strong>4. Cookies<\/strong><\/h3>\n\n\n\n<p>Unsere Website verwendet ggf. technisch notwendige Cookies.<\/p>\n\n\n\n<p>Cookies richten auf Ihrem Rechner keinen Schaden an und enthalten keine Viren.<\/p>\n\n\n\n<p><strong>Rechtsgrundlage:<\/strong><\/p>\n\n\n\n<p>Art. 6 Abs. 1 lit. f DSGVO (berechtigtes Interesse an einer technisch fehlerfreien Darstellung)<\/p>\n\n\n\n<hr class=\"wp-block-separator has-alpha-channel-opacity\"\/>\n\n\n\n<h3 class=\"wp-block-heading\"><strong>5. Hosting<\/strong><\/h3>\n\n\n\n<p>Unsere Website wird bei einem externen Hosting-Dienstleister betrieben.<\/p>\n\n\n\n<p>Personenbezogene Daten, die auf dieser Website erfasst werden, werden auf den Servern des Hosters verarbeitet.<\/p>\n\n\n\n<p>Ein Vertrag zur Auftragsverarbeitung (AVV) gem\u00e4\u00df Art. 28 DSGVO besteht.<\/p>\n\n\n\n<hr class=\"wp-block-separator has-alpha-channel-opacity\"\/>\n\n\n\n<h3 class=\"wp-block-heading\"><strong>6. Weitergabe von Daten<\/strong><\/h3>\n\n\n\n<p>Eine \u00dcbermittlung Ihrer pers\u00f6nlichen Daten an Dritte erfolgt <strong>nicht<\/strong>, au\u00dfer:<\/p>\n\n\n\n<ul class=\"wp-block-list\">\n<li>zur Erf\u00fcllung gesetzlicher Verpflichtungen<\/li>\n\n\n\n<li>zur Vertragsabwicklung<\/li>\n\n\n\n<li>aufgrund Ihrer ausdr\u00fccklichen Einwilligung<\/li>\n<\/ul>\n\n\n\n<hr class=\"wp-block-separator has-alpha-channel-opacity\"\/>\n\n\n\n<h3 class=\"wp-block-heading\"><strong>7. Ihre Rechte als betroffene Person<\/strong><\/h3>\n\n\n\n<p>Sie haben jederzeit das Recht auf:<\/p>\n\n\n\n<ul class=\"wp-block-list\">\n<li>Auskunft nach Art. 15 DSGVO<\/li>\n\n\n\n<li>Berichtigung nach Art. 16 DSGVO<\/li>\n\n\n\n<li>L\u00f6schung nach Art. 17 DSGVO<\/li>\n\n\n\n<li>Einschr\u00e4nkung der Verarbeitung nach Art. 18 DSGVO<\/li>\n\n\n\n<li>Daten\u00fcbertragbarkeit nach Art. 20 DSGVO<\/li>\n\n\n\n<li>Widerspruch gegen die Verarbeitung nach Art. 21 DSGVO<\/li>\n<\/ul>\n\n\n\n<p>Zudem haben Sie das Recht, sich bei einer Datenschutz-Aufsichtsbeh\u00f6rde zu beschweren.<\/p>\n\n\n\n<hr class=\"wp-block-separator has-alpha-channel-opacity\"\/>\n\n\n\n<h3 class=\"wp-block-heading\"><strong>8. Dauer der Speicherung<\/strong><\/h3>\n\n\n\n<p>Personenbezogene Daten werden nur so lange gespeichert, wie dies zur Erf\u00fcllung des Zwecks erforderlich ist oder gesetzliche Aufbewahrungsfristen bestehen.<\/p>\n\n\n\n<hr class=\"wp-block-separator has-alpha-channel-opacity\"\/>\n\n\n\n<h3 class=\"wp-block-heading\"><strong>9. SSL- \/ TLS-Verschl\u00fcsselung<\/strong><\/h3>\n\n\n\n<p>Diese Website nutzt aus Sicherheitsgr\u00fcnden eine SSL- bzw. TLS-Verschl\u00fcsselung.<\/p>\n\n\n\n<p>Eine verschl\u00fcsselte Verbindung erkennen Sie an \u201ehttps:\/\/\u201c in der Adresszeile Ihres Browsers.<\/p>\n\n\n\n<hr class=\"wp-block-separator has-alpha-channel-opacity\"\/>\n\n\n\n<h3 class=\"wp-block-heading\"><strong>10. Widerspruch gegen Werbe-E-Mails<\/strong><\/h3>\n\n\n\n<p>Der Nutzung von im Impressum ver\u00f6ffentlichten Kontaktdaten zur \u00dcbersendung von nicht ausdr\u00fccklich angeforderter Werbung wird hiermit widersprochen.<\/p>\n\n\n\n<hr class=\"wp-block-separator has-alpha-channel-opacity\"\/>\n\n\n\n<h3 class=\"wp-block-heading\"><strong>11. Aktualit\u00e4t und \u00c4nderung dieser Datenschutzerkl\u00e4rung<\/strong><\/h3>\n\n\n\n<p>Diese Datenschutzerkl\u00e4rung ist aktuell g\u00fcltig und hat den Stand <strong>Januar 2026<\/strong>.<\/p>\n\n\n\n<p>Durch Weiterentwicklung unserer Website oder gesetzliche \u00c4nderungen kann eine Anpassung erforderlich werden.<\/p>","protected":false},"excerpt":{"rendered":"<p>Der Schutz Ihrer pers\u00f6nlichen Daten ist uns ein besonderes Anliegen. Wir behandeln Ihre personenbezogenen Daten vertraulich und entsprechend der gesetzlichen Datenschutzvorschriften sowie dieser Datenschutzerkl\u00e4rung. 1. Verantwortlicher Enso Bau GmbH Sonnenallee 186 12059 Berlin Deutschland Vertreten durch: Tahir Elbi Telefon: 030 98374366 Mobil: 0176 23408256 E-Mail: Enso-bau@gmx.de 2. Erhebung und Speicherung personenbezogener Daten Beim Besuch unserer [&hellip;]<\/p>","protected":false},"author":1,"featured_media":0,"parent":0,"menu_order":0,"comment_status":"closed","ping_status":"closed","template":"","meta":{"_uag_custom_page_level_css":"","site-sidebar-layout":"default","site-content-layout":"","ast-site-content-layout":"default","site-content-style":"default","site-sidebar-style":"default","ast-global-header-display":"","ast-banner-title-visibility":"","ast-main-header-display":"","ast-hfb-above-header-display":"","ast-hfb-below-header-display":"","ast-hfb-mobile-header-display":"","site-post-title":"","ast-breadcrumbs-content":"","ast-featured-img":"","footer-sml-layout":"","theme-transparent-header-meta":"","adv-header-id-meta":"","stick-header-meta":"","header-above-stick-meta":"","header-main-stick-meta":"","header-below-stick-meta":"","astra-migrate-meta-layouts":"set","ast-page-background-enabled":"default","ast-page-background-meta":{"desktop":{"background-color":"var(--ast-global-color-4)","background-image":"","background-repeat":"repeat","background-position":"center center","background-size":"auto","background-attachment":"scroll","background-type":"","background-media":"","overlay-type":"","overlay-color":"","overlay-opacity":"","overlay-gradient":""},"tablet":{"background-color":"","background-image":"","background-repeat":"repeat","background-position":"center center","background-size":"auto","background-attachment":"scroll","background-type":"","background-media":"","overlay-type":"","overlay-color":"","overlay-opacity":"","overlay-gradient":""},"mobile":{"background-color":"","background-image":"","background-repeat":"repeat","background-position":"center center","background-size":"auto","background-attachment":"scroll","background-type":"","background-media":"","overlay-type":"","overlay-color":"","overlay-opacity":"","overlay-gradient":""}},"ast-content-background-meta":{"desktop":{"background-color":"var(--ast-global-color-5)","background-image":"","background-repeat":"repeat","background-position":"center center","background-size":"auto","background-attachment":"scroll","background-type":"","background-media":"","overlay-type":"","overlay-color":"","overlay-opacity":"","overlay-gradient":""},"tablet":{"background-color":"var(--ast-global-color-5)","background-image":"","background-repeat":"repeat","background-position":"center center","background-size":"auto","background-attachment":"scroll","background-type":"","background-media":"","overlay-type":"","overlay-color":"","overlay-opacity":"","overlay-gradient":""},"mobile":{"background-color":"var(--ast-global-color-5)","background-image":"","background-repeat":"repeat","background-position":"center center","background-size":"auto","background-attachment":"scroll","background-type":"","background-media":"","overlay-type":"","overlay-color":"","overlay-opacity":"","overlay-gradient":""}},"footnotes":""},"class_list":["post-2631","page","type-page","status-publish","hentry"],"yoast_head":"<!-- This site is optimized with the Yoast SEO plugin v23.4 - https:\/\/yoast.com\/wordpress\/plugins\/seo\/ -->\n<title>Datenschutzerkl\u00e4rung - Bau Berlin<\/title>\n<meta name=\"robots\" content=\"index, follow, max-snippet:-1, max-image-preview:large, max-video-preview:-1\" \/>\n<link rel=\"canonical\" href=\"https:\/\/ensobauberlin.de\/en\/datenschutzerklaerung\/\" \/>\n<meta property=\"og:locale\" content=\"en_GB\" \/>\n<meta property=\"og:type\" content=\"article\" \/>\n<meta property=\"og:title\" content=\"Datenschutzerkl\u00e4rung - Bau Berlin\" \/>\n<meta property=\"og:description\" content=\"Der Schutz Ihrer pers\u00f6nlichen Daten ist uns ein besonderes Anliegen. Wir behandeln Ihre personenbezogenen Daten vertraulich und entsprechend der gesetzlichen Datenschutzvorschriften sowie dieser Datenschutzerkl\u00e4rung. 1. Verantwortlicher Enso Bau GmbH Sonnenallee 186 12059 Berlin Deutschland Vertreten durch: Tahir Elbi Telefon: 030 98374366 Mobil: 0176 23408256 E-Mail: Enso-bau@gmx.de 2. Erhebung und Speicherung personenbezogener Daten Beim Besuch unserer [&hellip;]\" \/>\n<meta property=\"og:url\" content=\"https:\/\/ensobauberlin.de\/en\/datenschutzerklaerung\/\" \/>\n<meta property=\"og:site_name\" content=\"Bau Berlin\" \/>\n<meta property=\"article:modified_time\" content=\"2026-01-20T21:43:50+00:00\" \/>\n<meta name=\"twitter:card\" content=\"summary_large_image\" \/>\n<meta name=\"twitter:label1\" content=\"Estimated reading time\" \/>\n\t<meta name=\"twitter:data1\" content=\"3 minutes\" \/>\n<script type=\"application\/ld+json\" class=\"yoast-schema-graph\">{\"@context\":\"https:\/\/schema.org\",\"@graph\":[{\"@type\":\"WebPage\",\"@id\":\"https:\/\/ensobauberlin.de\/datenschutzerklaerung\/\",\"url\":\"https:\/\/ensobauberlin.de\/datenschutzerklaerung\/\",\"name\":\"Datenschutzerkl\u00e4rung - Bau Berlin\",\"isPartOf\":{\"@id\":\"https:\/\/ensobauberlin.de\/#website\"},\"datePublished\":\"2026-01-20T21:43:47+00:00\",\"dateModified\":\"2026-01-20T21:43:50+00:00\",\"breadcrumb\":{\"@id\":\"https:\/\/ensobauberlin.de\/datenschutzerklaerung\/#breadcrumb\"},\"inLanguage\":\"en-GB\",\"potentialAction\":[{\"@type\":\"ReadAction\",\"target\":[\"https:\/\/ensobauberlin.de\/datenschutzerklaerung\/\"]}]},{\"@type\":\"BreadcrumbList\",\"@id\":\"https:\/\/ensobauberlin.de\/datenschutzerklaerung\/#breadcrumb\",\"itemListElement\":[{\"@type\":\"ListItem\",\"position\":1,\"name\":\"Anasayfa\",\"item\":\"https:\/\/ensobauberlin.de\/\"},{\"@type\":\"ListItem\",\"position\":2,\"name\":\"Datenschutzerkl\u00e4rung\"}]},{\"@type\":\"WebSite\",\"@id\":\"https:\/\/ensobauberlin.de\/#website\",\"url\":\"https:\/\/ensobauberlin.de\/\",\"name\":\"ensobauberlin.de\",\"description\":\"Esnobau Berlin\",\"publisher\":{\"@id\":\"https:\/\/ensobauberlin.de\/#organization\"},\"potentialAction\":[{\"@type\":\"SearchAction\",\"target\":{\"@type\":\"EntryPoint\",\"urlTemplate\":\"https:\/\/ensobauberlin.de\/?s={search_term_string}\"},\"query-input\":{\"@type\":\"PropertyValueSpecification\",\"valueRequired\":true,\"valueName\":\"search_term_string\"}}],\"inLanguage\":\"en-GB\"},{\"@type\":\"Organization\",\"@id\":\"https:\/\/ensobauberlin.de\/#organization\",\"name\":\"Enso - Bau GmbH\",\"url\":\"https:\/\/ensobauberlin.de\/\",\"logo\":{\"@type\":\"ImageObject\",\"inLanguage\":\"en-GB\",\"@id\":\"https:\/\/ensobauberlin.de\/#\/schema\/logo\/image\/\",\"url\":\"https:\/\/ensobauberlin.de\/wp-content\/uploads\/2024\/02\/Enso-Bau-Logo.png\",\"contentUrl\":\"https:\/\/ensobauberlin.de\/wp-content\/uploads\/2024\/02\/Enso-Bau-Logo.png\",\"width\":4095,\"height\":1399,\"caption\":\"Enso - Bau GmbH\"},\"image\":{\"@id\":\"https:\/\/ensobauberlin.de\/#\/schema\/logo\/image\/\"}}]}<\/script>\n<!-- \/ Yoast SEO plugin. -->","yoast_head_json":{"title":"Datenschutzerkl\u00e4rung - Bau Berlin","robots":{"index":"index","follow":"follow","max-snippet":"max-snippet:-1","max-image-preview":"max-image-preview:large","max-video-preview":"max-video-preview:-1"},"canonical":"https:\/\/ensobauberlin.de\/en\/datenschutzerklaerung\/","og_locale":"en_GB","og_type":"article","og_title":"Datenschutzerkl\u00e4rung - Bau Berlin","og_description":"Der Schutz Ihrer pers\u00f6nlichen Daten ist uns ein besonderes Anliegen. Wir behandeln Ihre personenbezogenen Daten vertraulich und entsprechend der gesetzlichen Datenschutzvorschriften sowie dieser Datenschutzerkl\u00e4rung. 1. Verantwortlicher Enso Bau GmbH Sonnenallee 186 12059 Berlin Deutschland Vertreten durch: Tahir Elbi Telefon: 030 98374366 Mobil: 0176 23408256 E-Mail: Enso-bau@gmx.de 2. Erhebung und Speicherung personenbezogener Daten Beim Besuch unserer [&hellip;]","og_url":"https:\/\/ensobauberlin.de\/en\/datenschutzerklaerung\/","og_site_name":"Bau Berlin","article_modified_time":"2026-01-20T21:43:50+00:00","twitter_card":"summary_large_image","twitter_misc":{"Estimated reading time":"3 minutes"},"schema":{"@context":"https:\/\/schema.org","@graph":[{"@type":"WebPage","@id":"https:\/\/ensobauberlin.de\/datenschutzerklaerung\/","url":"https:\/\/ensobauberlin.de\/datenschutzerklaerung\/","name":"Datenschutzerkl\u00e4rung - Bau Berlin","isPartOf":{"@id":"https:\/\/ensobauberlin.de\/#website"},"datePublished":"2026-01-20T21:43:47+00:00","dateModified":"2026-01-20T21:43:50+00:00","breadcrumb":{"@id":"https:\/\/ensobauberlin.de\/datenschutzerklaerung\/#breadcrumb"},"inLanguage":"en-GB","potentialAction":[{"@type":"ReadAction","target":["https:\/\/ensobauberlin.de\/datenschutzerklaerung\/"]}]},{"@type":"BreadcrumbList","@id":"https:\/\/ensobauberlin.de\/datenschutzerklaerung\/#breadcrumb","itemListElement":[{"@type":"ListItem","position":1,"name":"Anasayfa","item":"https:\/\/ensobauberlin.de\/"},{"@type":"ListItem","position":2,"name":"Datenschutzerkl\u00e4rung"}]},{"@type":"WebSite","@id":"https:\/\/ensobauberlin.de\/#website","url":"https:\/\/ensobauberlin.de\/","name":"ensobauberlin.de","description":"Esnobau Berlin","publisher":{"@id":"https:\/\/ensobauberlin.de\/#organization"},"potentialAction":[{"@type":"SearchAction","target":{"@type":"EntryPoint","urlTemplate":"https:\/\/ensobauberlin.de\/?s={search_term_string}"},"query-input":{"@type":"PropertyValueSpecification","valueRequired":true,"valueName":"search_term_string"}}],"inLanguage":"en-GB"},{"@type":"Organization","@id":"https:\/\/ensobauberlin.de\/#organization","name":"Enso - Bau GmbH","url":"https:\/\/ensobauberlin.de\/","logo":{"@type":"ImageObject","inLanguage":"en-GB","@id":"https:\/\/ensobauberlin.de\/#\/schema\/logo\/image\/","url":"https:\/\/ensobauberlin.de\/wp-content\/uploads\/2024\/02\/Enso-Bau-Logo.png","contentUrl":"https:\/\/ensobauberlin.de\/wp-content\/uploads\/2024\/02\/Enso-Bau-Logo.png","width":4095,"height":1399,"caption":"Enso - Bau GmbH"},"image":{"@id":"https:\/\/ensobauberlin.de\/#\/schema\/logo\/image\/"}}]}},"uagb_featured_image_src":{"full":false,"thumbnail":false,"medium":false,"medium_large":false,"large":false,"1536x1536":false,"2048x2048":false,"trp-custom-language-flag":false},"uagb_author_info":{"display_name":"mr-emin","author_link":"https:\/\/ensobauberlin.de\/en\/author\/mr-emin\/"},"uagb_comment_info":0,"uagb_excerpt":"Der Schutz Ihrer pers\u00f6nlichen Daten ist uns ein besonderes Anliegen. Wir behandeln Ihre personenbezogenen Daten vertraulich und entsprechend der gesetzlichen Datenschutzvorschriften sowie dieser Datenschutzerkl\u00e4rung. 1. Verantwortlicher Enso Bau GmbH Sonnenallee 186 12059 Berlin Deutschland Vertreten durch: Tahir Elbi Telefon: 030 98374366 Mobil: 0176 23408256 E-Mail: Enso-bau@gmx.de 2. Erhebung und Speicherung personenbezogener Daten Beim Besuch unserer&hellip;","_links":{"self":[{"href":"https:\/\/ensobauberlin.de\/en\/wp-json\/wp\/v2\/pages\/2631","targetHints":{"allow":["GET"]}}],"collection":[{"href":"https:\/\/ensobauberlin.de\/en\/wp-json\/wp\/v2\/pages"}],"about":[{"href":"https:\/\/ensobauberlin.de\/en\/wp-json\/wp\/v2\/types\/page"}],"author":[{"embeddable":true,"href":"https:\/\/ensobauberlin.de\/en\/wp-json\/wp\/v2\/users\/1"}],"replies":[{"embeddable":true,"href":"https:\/\/ensobauberlin.de\/en\/wp-json\/wp\/v2\/comments?post=2631"}],"version-history":[{"count":1,"href":"https:\/\/ensobauberlin.de\/en\/wp-json\/wp\/v2\/pages\/2631\/revisions"}],"predecessor-version":[{"id":2632,"href":"https:\/\/ensobauberlin.de\/en\/wp-json\/wp\/v2\/pages\/2631\/revisions\/2632"}],"wp:attachment":[{"href":"https:\/\/ensobauberlin.de\/en\/wp-json\/wp\/v2\/media?parent=2631"}],"curies":[{"name":"wp","href":"https:\/\/api.w.org\/{rel}","templated":true}]}}